{"id":9,"date":"2017-07-25T13:35:16","date_gmt":"2017-07-25T13:35:16","guid":{"rendered":"http:\/\/www.hallikaistensukuseura.fi\/Wp\/?page_id=9"},"modified":"2025-07-07T17:05:29","modified_gmt":"2025-07-07T15:05:29","slug":"hallikaisten-suku","status":"publish","type":"page","link":"https:\/\/www.hallikaistensukuseura.fi\/Wp\/","title":{"rendered":"Hallikaisten sukuseura ry"},"content":{"rendered":"<p>Hallikaisten Sukuseura ry on v. 1997 perustettu yhdistys, jonka kotipaikka on Kaavi. Sen j\u00e4senist\u00f6\u00f6n kuuluu Kaavilta l\u00e4ht\u00f6isin olevia Hallikaisia ja heid\u00e4n j\u00e4lkel\u00e4isi\u00e4\u00e4n. Arviolta puolet t\u00e4m\u00e4n sukunimen Suomessa asuvista kantajista on alkuaan kotoisin em. pit\u00e4j\u00e4st\u00e4.<\/p>\n<p>Kaikkien Kaavin Hallikaisten ensimm\u00e4iset tunnetut esivanhemmat ovat noin v. 1680 syntyneet Perttu (Bertil) Hallikainen ja h\u00e4nen vaimonsa Silja (Cecilia) Kosunen. Heill\u00e4 n\u00e4ytt\u00e4\u00e4 olleen nelj\u00e4 poikaa, joista kolmella tiedet\u00e4\u00e4n olleen lapsia. Melkein kaikki nykyiset Koillis-Savosta tai Pohjois-Karjalasta l\u00e4ht\u00f6isin olevat Hallikaiset ovat kuitenkin Pekka Pertunpojan (s. 1703) j\u00e4lkel\u00e4isi\u00e4. Valtaosa Kaavin Hallikaisista asuu nyky\u00e4\u00e4n joko Helsingin tai Kuopion seuduilla.<\/p>\n<p>Yhdistyksen tarkoituksena on selvitt\u00e4\u00e4 suvun vaiheita ja historiaa, vaalia suvun perinteit\u00e4 ja edist\u00e4\u00e4 yhteenkuuluvuuden tunnetta j\u00e4sentens\u00e4 keskuudessa.<\/p>\n<p>Sukuseuran vuosij\u00e4senmaksu vuosina 2025-2027 on 18 \u20ac j\u00e4senelt\u00e4 ja 23 \u20ac pariskunnalta.<\/p>\n","protected":false},"excerpt":{"rendered":"<p>Hallikaisten Sukuseura ry on v. 1997 perustettu yhdistys, jonka kotipaikka on Kaavi. Sen j\u00e4senist\u00f6\u00f6n kuuluu Kaavilta l\u00e4ht\u00f6isin olevia Hallikaisia ja heid\u00e4n j\u00e4lkel\u00e4isi\u00e4\u00e4n. Arviolta puolet t\u00e4m\u00e4n sukunimen Suomessa asuvista kantajista on alkuaan kotoisin em. pit\u00e4j\u00e4st\u00e4. Kaikkien Kaavin Hallikaisten ensimm\u00e4iset tunnetut esivanhemmat ovat noin v. 1680 syntyneet Perttu (Bertil) Hallikainen ja h\u00e4nen vaimonsa Silja (Cecilia) Kosunen. Heill\u00e4 &hellip; <a href=\"https:\/\/www.hallikaistensukuseura.fi\/Wp\/\" class=\"more-link\">Jatka artikkeliin <span class=\"screen-reader-text\">Hallikaisten sukuseura ry<\/span><\/a><\/p>\n","protected":false},"author":1,"featured_media":0,"parent":0,"menu_order":0,"comment_status":"closed","ping_status":"closed","template":"","meta":{"footnotes":""},"class_list":["post-9","page","type-page","status-publish","hentry"],"_links":{"self":[{"href":"https:\/\/www.hallikaistensukuseura.fi\/Wp\/wp-json\/wp\/v2\/pages\/9","targetHints":{"allow":["GET"]}}],"collection":[{"href":"https:\/\/www.hallikaistensukuseura.fi\/Wp\/wp-json\/wp\/v2\/pages"}],"about":[{"href":"https:\/\/www.hallikaistensukuseura.fi\/Wp\/wp-json\/wp\/v2\/types\/page"}],"author":[{"embeddable":true,"href":"https:\/\/www.hallikaistensukuseura.fi\/Wp\/wp-json\/wp\/v2\/users\/1"}],"replies":[{"embeddable":true,"href":"https:\/\/www.hallikaistensukuseura.fi\/Wp\/wp-json\/wp\/v2\/comments?post=9"}],"version-history":[{"count":8,"href":"https:\/\/www.hallikaistensukuseura.fi\/Wp\/wp-json\/wp\/v2\/pages\/9\/revisions"}],"predecessor-version":[{"id":632,"href":"https:\/\/www.hallikaistensukuseura.fi\/Wp\/wp-json\/wp\/v2\/pages\/9\/revisions\/632"}],"wp:attachment":[{"href":"https:\/\/www.hallikaistensukuseura.fi\/Wp\/wp-json\/wp\/v2\/media?parent=9"}],"curies":[{"name":"wp","href":"https:\/\/api.w.org\/{rel}","templated":true}]}}