{"id":54,"date":"2017-07-25T18:51:46","date_gmt":"2017-07-25T15:51:46","guid":{"rendered":"http:\/\/www.hallikaistensukuseura.fi\/Wp\/?page_id=54"},"modified":"2026-04-21T20:55:26","modified_gmt":"2026-04-21T18:55:26","slug":"tuotteet","status":"publish","type":"page","link":"https:\/\/www.hallikaistensukuseura.fi\/Wp\/tuotteet\/","title":{"rendered":"Tuotteet"},"content":{"rendered":"\n<p><\/p>\n\n\n\n<div class=\"wp-block-group\"><div class=\"wp-block-group__inner-container is-layout-flow wp-block-group-is-layout-flow\">\n<div class=\"wp-block-columns is-layout-flex wp-container-core-columns-is-layout-9d6595d7 wp-block-columns-is-layout-flex\">\n<div class=\"wp-block-column is-layout-flow wp-block-column-is-layout-flow\" style=\"flex-basis:100%\">\n<div class=\"wp-block-columns is-layout-flex wp-container-core-columns-is-layout-9d6595d7 wp-block-columns-is-layout-flex\">\n<div class=\"wp-block-column is-layout-flow wp-block-column-is-layout-flow\" style=\"flex-basis:100%\">\n<div class=\"wp-block-group\"><div class=\"wp-block-group__inner-container is-layout-flow wp-block-group-is-layout-flow\">\n<div class=\"wp-block-columns is-layout-flex wp-container-core-columns-is-layout-9d6595d7 wp-block-columns-is-layout-flex\">\n<div class=\"wp-block-column is-layout-flow wp-block-column-is-layout-flow\" style=\"flex-basis:66.66%\">\n<p><strong>Sukukirja:<\/strong><\/p>\n\n\n\n<p>Kaavin Hallikaiset 1680-2011 Hallikaisten sukuseura ry:n julkaisu n:o 2.<br>Tekij\u00e4t Pentti Hallikainen ja Maija Jarva<br>Anna Reetta Kinnusen o.s. Hallikaisen sukukirjan hinta j\u00e4senmaksun maksaneille 30,00 euroa ja muille 40 euroa (+12 euron toimituskulut, max 4 kirjaa 15,- euroa)<\/p>\n\n\n\n<p><\/p>\n\n\n\n<p><strong>Sukuviiri:<\/strong><\/p>\n\n\n\n<p>Hallikaisten sukuseuran is\u00e4nn\u00e4nviiri 40 cm x 400 cm (8-9 metrin salkoon) Viirin hinta 60,00 euroa (+16 euron toimituskulut). Myyd\u00e4\u00e4n vain j\u00e4senmaksun maksaneille. <strong>Huom! Viirej\u00e4 on j\u00e4ljell\u00e4 vain 1 kpl.<\/strong><\/p>\n\n\n\n<p><\/p>\n\n\n\n<p><strong>Suvun tarinoita:<\/strong><\/p>\n\n\n\n<p>Semmonen t\u00f6rr\u00e4ys &#8211; Kaavilta l\u00e4ht\u00f6isin olevien Hallikaisten tarinoita. A4-kokoinen 166 sivuinen julkaisu. Useiden henkil\u00f6iden kirjoittamia sek\u00e4 omia tarinoita ett\u00e4 haastattelun perusteella kirjoitettuja tarinoita. Kirjan hinta sukuseuran j\u00e4senmaksu maksaneille 10 euroa ja muille 20 euroa (+7 euron toimituskulut).<\/p>\n\n\n\n<p>Samaan pakettiin Sukukirja ja Semmonen T\u00f6rr\u00e4ys toimituskulut 10 euroa ja Samaan pakettiin 2 kpl Semmonen T\u00f6rr\u00e4ys -tarinoita toimituskulut 12 euroa.<\/p>\n\n\n\n<p><strong>Tilattavat tuotteet ja toimituskulut on maksettava etuk\u00e4teen sukuseuran tilille.<\/strong><\/p>\n\n\n\n<h4 class=\"wp-block-heading\">Tilaukset:<\/h4>\n\n\n\n<div class=\"wp-block-group\"><div class=\"wp-block-group__inner-container is-layout-constrained wp-block-group-is-layout-constrained\">\n<div class=\"wp-block-group\"><div class=\"wp-block-group__inner-container is-layout-constrained wp-block-group-is-layout-constrained\">\n<p>Anniina Hallikainen<br>e-mail: a . hallikainen (at) hotmail.com  <\/p>\n\n\n\n<p>Puh. 0400 883 194 <\/p>\n\n\n\n<p><\/p>\n<\/div><\/div>\n<\/div><\/div>\n\n\n\n<p><strong>Yhdistyksen tilinumero: <\/strong><\/p>\n\n\n\n<p><strong>IBAN FI75 5096 0040 0278 19<\/strong><br>OKO-pankkiryhm\u00e4n kansainv\u00e4linen BIC-tunniste on OKOYFIHH.<\/p>\n\n\n\n<p><strong>ERITTELE maksun viestikent\u00e4\u00e4n tuotteen nimi ja hinta sek\u00e4 postimaksun suuruus.<\/strong><\/p>\n\n\n\n<p>Sukuseuran vuosij\u00e4senmaksu vuosina 2025-2027 on 18 euroa j\u00e4senelt\u00e4 ja  23 euroa pariskunnalta.<\/p>\n<\/div>\n\n\n\n<div class=\"wp-block-column is-layout-flow wp-block-column-is-layout-flow\" style=\"flex-basis:33.33%\"><div class=\"wp-block-image is-resized\">\n<figure class=\"alignright size-full\"><a href=\"https:\/\/www.hallikaistensukuseura.fi\/Wp\/wp-content\/uploads\/2017\/09\/Hallikaisten_sukukirja_pieni.jpg\"><img loading=\"lazy\" decoding=\"async\" width=\"150\" height=\"204\" src=\"https:\/\/www.hallikaistensukuseura.fi\/Wp\/wp-content\/uploads\/2017\/09\/Hallikaisten_sukukirja_pieni.jpg\" alt=\"\" class=\"wp-image-96\"\/><\/a><\/figure>\n<\/div>\n\n<div class=\"wp-block-image\">\n<figure class=\"alignright size-full is-resized\"><a href=\"https:\/\/www.hallikaistensukuseura.fi\/Wp\/wp-content\/uploads\/2017\/09\/Hallikaisten_sukuviiri_pieni.jpg\"><img loading=\"lazy\" decoding=\"async\" width=\"150\" height=\"200\" src=\"https:\/\/www.hallikaistensukuseura.fi\/Wp\/wp-content\/uploads\/2017\/09\/Hallikaisten_sukuviiri_pieni.jpg\" alt=\"\" class=\"wp-image-97\" style=\"width:200px;height:265px\"\/><\/a><\/figure>\n<\/div>\n\n<div class=\"wp-block-image is-resized\">\n<figure class=\"alignright size-full\"><a href=\"https:\/\/www.hallikaistensukuseura.fi\/Wp\/wp-content\/uploads\/2021\/06\/Semmonen-to\u0308rra\u0308ys.png\"><img loading=\"lazy\" decoding=\"async\" width=\"281\" height=\"372\" src=\"https:\/\/www.hallikaistensukuseura.fi\/Wp\/wp-content\/uploads\/2021\/06\/Semmonen-to\u0308rra\u0308ys.png\" alt=\"\" class=\"wp-image-272\" srcset=\"https:\/\/www.hallikaistensukuseura.fi\/Wp\/wp-content\/uploads\/2021\/06\/Semmonen-to\u0308rra\u0308ys.png 281w, https:\/\/www.hallikaistensukuseura.fi\/Wp\/wp-content\/uploads\/2021\/06\/Semmonen-to\u0308rra\u0308ys-227x300.png 227w\" sizes=\"auto, (max-width: 281px) 100vw, 281px\" \/><\/a><\/figure>\n<\/div><\/div>\n<\/div>\n<\/div><\/div>\n<\/div>\n<\/div>\n<\/div>\n<\/div>\n<\/div><\/div>\n\n\n\n<p><\/p>\n","protected":false},"excerpt":{"rendered":"<p>Sukukirja: Kaavin Hallikaiset 1680-2011 Hallikaisten sukuseura ry:n julkaisu n:o 2.Tekij\u00e4t Pentti Hallikainen ja Maija JarvaAnna Reetta Kinnusen o.s. Hallikaisen sukukirjan hinta j\u00e4senmaksun maksaneille 30,00 euroa ja muille 40 euroa (+12 euron toimituskulut, max 4 kirjaa 15,- euroa) Sukuviiri: Hallikaisten sukuseuran is\u00e4nn\u00e4nviiri 40 cm x 400 cm (8-9 metrin salkoon) Viirin hinta 60,00 euroa (+16 euron &hellip; <a href=\"https:\/\/www.hallikaistensukuseura.fi\/Wp\/tuotteet\/\" class=\"more-link\">Jatka artikkeliin <span class=\"screen-reader-text\">Tuotteet<\/span><\/a><\/p>\n","protected":false},"author":1,"featured_media":0,"parent":0,"menu_order":0,"comment_status":"closed","ping_status":"closed","template":"","meta":{"footnotes":""},"class_list":["post-54","page","type-page","status-publish","hentry"],"_links":{"self":[{"href":"https:\/\/www.hallikaistensukuseura.fi\/Wp\/wp-json\/wp\/v2\/pages\/54","targetHints":{"allow":["GET"]}}],"collection":[{"href":"https:\/\/www.hallikaistensukuseura.fi\/Wp\/wp-json\/wp\/v2\/pages"}],"about":[{"href":"https:\/\/www.hallikaistensukuseura.fi\/Wp\/wp-json\/wp\/v2\/types\/page"}],"author":[{"embeddable":true,"href":"https:\/\/www.hallikaistensukuseura.fi\/Wp\/wp-json\/wp\/v2\/users\/1"}],"replies":[{"embeddable":true,"href":"https:\/\/www.hallikaistensukuseura.fi\/Wp\/wp-json\/wp\/v2\/comments?post=54"}],"version-history":[{"count":46,"href":"https:\/\/www.hallikaistensukuseura.fi\/Wp\/wp-json\/wp\/v2\/pages\/54\/revisions"}],"predecessor-version":[{"id":647,"href":"https:\/\/www.hallikaistensukuseura.fi\/Wp\/wp-json\/wp\/v2\/pages\/54\/revisions\/647"}],"wp:attachment":[{"href":"https:\/\/www.hallikaistensukuseura.fi\/Wp\/wp-json\/wp\/v2\/media?parent=54"}],"curies":[{"name":"wp","href":"https:\/\/api.w.org\/{rel}","templated":true}]}}