{"id":35,"date":"2017-07-25T17:50:05","date_gmt":"2017-07-25T14:50:05","guid":{"rendered":"http:\/\/www.hallikaistensukuseura.fi\/Wp\/?page_id=35"},"modified":"2025-04-22T13:18:45","modified_gmt":"2025-04-22T11:18:45","slug":"hallitus-tiedottaa","status":"publish","type":"page","link":"https:\/\/www.hallikaistensukuseura.fi\/Wp\/hallitus-tiedottaa\/","title":{"rendered":"Hallitus tiedottaa"},"content":{"rendered":"<h4>Hallikaisten sukukirjasta on otettu uusi laajennettu painos v. 2012.<\/h4>\n<p>Siihen sis\u00e4ltyy my\u00f6s Maija Jarvan tutkimus Tervolan Hallikaisista. Sukuseuran j\u00e4senet voivat tilata kirjan Anniina Hallikaiselta hintaan 30 euroa kappale (+ toimituskulut). Anniinan tiedot l\u00f6yd\u00e4t <a class=\"teksti\" href=\"http:\/\/www.hallikaistensukuseura.fi\/Wp\/about\/\">yhteystiedoista<\/a>.<\/p>\n<p>Toivomme ett\u00e4 suvun j\u00e4senet ilmoittaisivat Meeri Haapam\u00e4elle perheiss\u00e4 toisen painoksen j\u00e4lkeen jo tapahtuneet ja jatkossa tapahtuvat muutokset: tiedot syntyneist\u00e4, avioitumiset ja erot, kuolintiedot yms. Sama toivomus koskee luonnollisesti vanhempiakin tietoja, jotka ovat j\u00e4\u00e4neet pois 2. painoksesta. Meerin yhteystiedot l\u00f6yd\u00e4t <a class=\"teksti\" href=\"http:\/\/www.hallikaistensukuseura.fi\/Wp\/about\/\">yhteystiedoista<\/a>.<\/p>\n<h4>Mahdolliset korjaukset<\/h4>\n<p>T\u00e4h\u00e4n menness\u00e4 sukujulkaisussa havaitut virheet on korjattu. Mik\u00e4li huomaat sukukirjassa oman l\u00e4hisukusi tiedoissa virheit\u00e4 tai puutteita, ilmoita niist\u00e4 sukututkijalle.<\/p>\n<p>Suvun nettisivuja p\u00e4ivitt\u00e4\u00e4 Jarmo Hallikainen (GSM 040 535 8927 tai s\u00e4hk\u00f6posti: etunimi.sukunimi[at]gmail.com). Ota h\u00e4neen yhteytt\u00e4, jos olet kiinnostunut toimittamaan valokuvia tai muuta sukumateriaalia n\u00e4ille sivuille.<\/p>\n<p>Jos osoitteesi muuttuu, ilmoita siit\u00e4 sihteerille. Tiedon voit toimittaa s\u00e4hk\u00f6postitse:<br \/>\nMeeri Haapam\u00e4ki, e-mail: hallikaisten . sukuseura [at] gmail . com<\/p>\n<p><b>Mik\u00e4li haluat sukupostisi s\u00e4hk\u00f6postin v\u00e4lityksell\u00e4, ilmoita s\u00e4hk\u00f6postiosoitteesi sihteerille.<\/b> Merkitse siihen mukaan my\u00f6s katuosoitteesi. T\u00e4m\u00e4 siksi, ett\u00e4 samannimisi\u00e4 henkil\u00f6it\u00e4 on useita ja n\u00e4in posti voidaan kohdentaa oikealle henkil\u00f6lle.<\/p>\n","protected":false},"excerpt":{"rendered":"<p>Hallikaisten sukukirjasta on otettu uusi laajennettu painos v. 2012. Siihen sis\u00e4ltyy my\u00f6s Maija Jarvan tutkimus Tervolan Hallikaisista. Sukuseuran j\u00e4senet voivat tilata kirjan Anniina Hallikaiselta hintaan 30 euroa kappale (+ toimituskulut). Anniinan tiedot l\u00f6yd\u00e4t yhteystiedoista. Toivomme ett\u00e4 suvun j\u00e4senet ilmoittaisivat Meeri Haapam\u00e4elle perheiss\u00e4 toisen painoksen j\u00e4lkeen jo tapahtuneet ja jatkossa tapahtuvat muutokset: tiedot syntyneist\u00e4, avioitumiset ja &hellip; <a href=\"https:\/\/www.hallikaistensukuseura.fi\/Wp\/hallitus-tiedottaa\/\" class=\"more-link\">Jatka artikkeliin <span class=\"screen-reader-text\">Hallitus tiedottaa<\/span><\/a><\/p>\n","protected":false},"author":1,"featured_media":0,"parent":0,"menu_order":0,"comment_status":"closed","ping_status":"closed","template":"","meta":{"footnotes":""},"class_list":["post-35","page","type-page","status-publish","hentry"],"_links":{"self":[{"href":"https:\/\/www.hallikaistensukuseura.fi\/Wp\/wp-json\/wp\/v2\/pages\/35","targetHints":{"allow":["GET"]}}],"collection":[{"href":"https:\/\/www.hallikaistensukuseura.fi\/Wp\/wp-json\/wp\/v2\/pages"}],"about":[{"href":"https:\/\/www.hallikaistensukuseura.fi\/Wp\/wp-json\/wp\/v2\/types\/page"}],"author":[{"embeddable":true,"href":"https:\/\/www.hallikaistensukuseura.fi\/Wp\/wp-json\/wp\/v2\/users\/1"}],"replies":[{"embeddable":true,"href":"https:\/\/www.hallikaistensukuseura.fi\/Wp\/wp-json\/wp\/v2\/comments?post=35"}],"version-history":[{"count":10,"href":"https:\/\/www.hallikaistensukuseura.fi\/Wp\/wp-json\/wp\/v2\/pages\/35\/revisions"}],"predecessor-version":[{"id":604,"href":"https:\/\/www.hallikaistensukuseura.fi\/Wp\/wp-json\/wp\/v2\/pages\/35\/revisions\/604"}],"wp:attachment":[{"href":"https:\/\/www.hallikaistensukuseura.fi\/Wp\/wp-json\/wp\/v2\/media?parent=35"}],"curies":[{"name":"wp","href":"https:\/\/api.w.org\/{rel}","templated":true}]}}