{"id":23,"date":"2017-07-25T17:12:03","date_gmt":"2017-07-25T14:12:03","guid":{"rendered":"http:\/\/www.hallikaistensukuseura.fi\/Wp\/?page_id=23"},"modified":"2025-04-23T12:42:55","modified_gmt":"2025-04-23T10:42:55","slug":"sukukokoukset","status":"publish","type":"page","link":"https:\/\/www.hallikaistensukuseura.fi\/Wp\/hallikaisten-suku\/sukukokoukset\/","title":{"rendered":"Sukutapaamiset"},"content":{"rendered":"\n<p>Seuraava sukutapaaminen on 2027.<\/p>\n\n\n\n<h2 class=\"wp-block-heading\">Aiemmat sukutapaamiset<\/h2>\n\n\n\n<p class=\"has-medium-font-size\"><strong>Sukutapaaminen 2024<\/strong><\/p>\n\n\n\n<p>Sukutapaaminen pidettiin 27.-28.7. 2024 Riihim\u00e4ell\u00e4 hotelli Seurahuoneella kes\u00e4isen l\u00e4mpimiss\u00e4 olosuhteissa.<\/p>\n\n\n\n<p>Alkuun kuultiin Seppo Hovin hauska ja viihdytt\u00e4v\u00e4 esitys musiikkia ja tarinoita entisajoilta. T\u00e4m\u00e4n j\u00e4lkeen luotiin katsaus menneen kolmen vuoden toimintaan, jota t\u00e4ydensi sukututkija Ari Kolehmaisen <strong><a href=\"https:\/\/www.hallikaistensukuseura.fi\/Wp\/wp-content\/uploads\/2024\/08\/Hallikaisten-esitelma-27.7.2024.pdf\" target=\"_blank\" rel=\"noreferrer noopener\">esitys<\/a><\/strong> sukututkimuksen nykyvaiheesta.<\/p>\n\n\n\n<p>Iltap\u00e4iv\u00e4n ohjelmaan kuului my\u00f6s s\u00e4\u00e4nt\u00f6m\u00e4\u00e4r\u00e4inen kolmen vuoden v\u00e4lein pidett\u00e4v\u00e4 sukuseuran vuosikokous. Ilahduttavaa, ett\u00e4 sukuseuran hallitukseen saatiin uusia, nuoria kasvoja vanhojen konkareiden lis\u00e4ksi. Suukuseuran hallituksen j\u00e4senten nimet l\u00f6yd\u00e4t <strong><a href=\"https:\/\/www.hallikaistensukuseura.fi\/Wp\/about\/\">Yhteystiedot<\/a><\/strong> sivulta. Sivun alalaidasta l\u00f6yd\u00e4t linkin saatekirjeeseen, jota voit k\u00e4ytt\u00e4\u00e4 suositellessasi sukuun kuuluville Hallikaisten sukuseuran j\u00e4senyytt\u00e4.<\/p>\n\n\n\n<p>P\u00e4iv\u00e4llisen j\u00e4lkeen kokoonnuimme hotellia vastap\u00e4\u00e4t\u00e4 olevaan kahvila konditoriaan j\u00e4lkiruokakahville ja tosimakealle mokkakakkupalalle. P\u00e4iv\u00e4n aikana keskusteltiin ja heiteltiin ajatuksia kolmen vuoden p\u00e4\u00e4st\u00e4 pidett\u00e4v\u00e4n sukutapaamisen paikasta ja ohjelmasta \u2013 on hyv\u00e4 kypsytell\u00e4 asioita pikkuhiljaa, jotta ei tule tehty\u00e4 h\u00e4tik\u00f6ityj\u00e4 p\u00e4\u00e4t\u00f6ksi\u00e4.<\/p>\n\n\n\n<p>Sunnuntai-aamuna 28.7. matkustimme J\u00e4rvenp\u00e4\u00e4h\u00e4n. Kohteena oli Ainola, Aino ja Jean Sibeliuksen koti. Opas kertoi talon asukkaiden el\u00e4m\u00e4st\u00e4, tekemisist\u00e4 ja luovuudesta.<\/p>\n\n\n\n<p>Seuraavaksi siirryimme muutaman kilometrin p\u00e4\u00e4h\u00e4n Tuusulan puolelle. Toinen tutustumiskohde oli Lottamuseo. Museo oli remontoitu ja n\u00e4yttely h\u00f6ystetty nykytekniikan tarjoamilla mahdollisuuksilla kolme vuotta sitten. N\u00e4yttely tarjosi uutta tietoa jopa sukuseuran vanhimmille j\u00e4senille, joille lottaj\u00e4rjest\u00f6n toiminta oli ennest\u00e4\u00e4n tuttua.<\/p>\n\n\n\n<h4 class=\"wp-block-heading\">Sukutapaaminen 2021 <\/h4>\n\n\n\n<p>Yhdeks\u00e4s sukutapaaminen j\u00e4rjestettiin Finlandia Hotel Airport Oulun tiloissa Kempeleell\u00e4. Paikalle saapui l\u00e4hes 40 sukuseuran j\u00e4sent\u00e4.<\/p>\n\n\n\n<p>Tilaisuuden p\u00e4\u00e4esitelm\u00e4n piti FM Ari Kolehmainen. Aiheena oli Hallikaisten alkuvaiheet ja geneettinen sukututkimus. Esityksest\u00e4 selvisi Kaavin Hallikaisten mahdollinen sukujuonto 1500-1600 -luvuilla. <strong><a rel=\"noreferrer noopener\" href=\"https:\/\/www.hallikaistensukuseura.fi\/Wp\/wp-content\/uploads\/2021\/07\/Suvun-alkuvaiheet-esitys.pdf\" data-type=\"URL\" data-id=\"https:\/\/www.hallikaistensukuseura.fi\/Wp\/wp-content\/uploads\/2021\/07\/Suvun-alkuvaiheet-esitys.pdf\" target=\"_blank\">Katso esitys<\/a>.<\/strong><\/p>\n\n\n\n<p>Tilaisuudessa kuultiin Topi Hallikaisen esitys Kaskimailta Kemijokivarteen eli kuinka Hallikaiset saapuivat Tervolaan. <a rel=\"noreferrer noopener\" href=\"https:\/\/www.hallikaistensukuseura.fi\/Wp\/wp-content\/uploads\/2021\/07\/Kaskimailta-Kemijokivarteen-eli-Kuinka-Hallikaiset-saapuivat-Tervolaan.pdf\" data-type=\"URL\" data-id=\"https:\/\/www.hallikaistensukuseura.fi\/Wp\/wp-content\/uploads\/2021\/07\/Kaskimailta-Kemijokivarteen-eli-Kuinka-Hallikaiset-saapuivat-Tervolaan.pdf\" target=\"_blank\"><strong>Katso esitys<\/strong><\/a>.<\/p>\n\n\n\n<p>Sunnuntaina 25.7. vierailtiin Turkansaaren ulkoilmamuseossa tutustumassa entisajan elinkeinoihin ja el\u00e4m\u00e4nmuotoon Kemijokivarressa.<\/p>\n\n\n\n<p><\/p>\n\n\n\n<p><\/p>\n\n\n\n<p><\/p>\n\n\n\n<h4 class=\"wp-block-heading\">Sukutapaaminen 2018<\/h4>\n\n\n\n<p>Vuoden 2018 sukutapaaminen ja sukukokous oli kahdeksas virallinen sukutapaaminen. Sukutapaaminen j\u00e4rjestettiin 28.-29.7. Kylpyl\u00e4hotelli Kunnonpaikassa Siilinj\u00e4rven Vuorelassa. Sukutapahtumaan saapui reilu 50 hengen sukulaisjoukko.<\/p>\n\n\n\n<p>Tapaamisen p\u00e4\u00e4esitelm\u00e4n piti tutkija FT Jukka Partanen aiheesta \u201dKaavin asuttaminen ja el\u00e4m\u00e4nmuodot Pohjois-Savossa Ruotsin vallan aikana\u201d. Lis\u00e4ksi saatiin selvitys Hallikaisten suvun DNA-sta, jonka mukaan suvun l\u00e4ht\u00f6seutu on Suur-J\u00e4\u00e4sken pit\u00e4j\u00e4.<\/p>\n\n\n\n<p>Lauantain virallisessa osuudessa, s\u00e4\u00e4nt\u00f6m\u00e4\u00e4r\u00e4isess\u00e4 kokouksessa sukuseuralle valittiin uusi hallitus. Toiminta painottuu edelleen suvun tarinoiden ker\u00e4\u00e4miseen ja nuorempien sukupolvien innostamiseen sukuseuran toimintaa kohtaan.<\/p>\n\n\n\n<p><\/p>\n\n\n\n<h2 class=\"wp-block-heading\"><\/h2>\n\n\n\n<p><\/p>\n\n\n\n<h4 class=\"wp-block-heading\">Sukutapaamisen 2015 kuulumisia<\/h4>\n\n\n\n<p>Vuoden 2015 sukutapaaminen ja sukukokous oli seitsem\u00e4s virallinen sukutapaaminen. Sukutapaaminen j\u00e4rjestettiin 25.-26.7. Kylpyl\u00e4hotelli Kunnonpaikassa Siilinj\u00e4rven Vuorelassa. Sukutapahtumaan saapui reilu 40 hengen sukulaisjoukko.<\/p>\n\n\n\n<p>Lauantaip\u00e4iv\u00e4n virallisessa osuudessa, s\u00e4\u00e4nt\u00f6m\u00e4\u00e4r\u00e4isess\u00e4 kokouksessa sukuseuralle valittiin uusi hallitus. Hallitusta ev\u00e4stettiin sukuseuran toiminnan aktivoimiseen, suvun tarinoiden ker\u00e4\u00e4miseen ja nuorempien sukupolvien innostamiseen sukuseuran toimintaa kohtaan.<\/p>\n\n\n\n<p>Lauantai-illan ohjelmassa oli reilun kahden tunnin risteily Kallavedell\u00e4 M\/S Koskella aurinkoisessa suvi-illassa.<\/p>\n\n\n\n<h4 class=\"wp-block-heading\">Tutustuimme kaskiperinteeseen ja vaskenvalantaan<\/h4>\n\n\n\n<p>Sunnuntaina vierailtiin <a class=\"teksti\" href=\"http:\/\/www.luontoon.fi\/telkkamaenperinnetila\" target=\"_blank\" rel=\"noopener noreferrer\">Telk\u00e4nm\u00e4en kaskiperinnetilaan<\/a>. Opas kertoi kuinka <a class=\"teksti\" href=\"https:\/\/fi.wikipedia.org\/wiki\/Kaskiviljely\" target=\"_blank\" rel=\"noopener noreferrer\">kaskiviljely<\/a> aloitettiin kaatamalla puut kes\u00e4ll\u00e4 rasiin (puut kaadettiin ja j\u00e4tettiin karsimatta) vuodeksi. Seuraavana kes\u00e4n\u00e4 kaadetut puut ja aluskasvillisuus poltettiin, jolloin puiden ja kasvillisuuden ravinteet vapautuivat tuhkan mukana maahan. Maan muokkaamiseen k\u00e4ytettiin <a class=\"teksti\" href=\"https:\/\/fi.wikipedia.org\/wiki\/Aatra\" target=\"_blank\" rel=\"noopener noreferrer\">aatraa<\/a> ja <a class=\"teksti\" href=\"http:\/\/www.helsinki.fi\/kansatiede\/histmaatalous\/kaskenviljely\/multaus.htm\" target=\"_blank\" rel=\"noopener noreferrer\">risukarhia<\/a>.<\/p>\n\n\n\n<p>Kaskeamisen j\u00e4lkeen maa oli viljelykelpoinen korkeintaan muutaman vuoden ajan kunnes se oli ravinnek\u00f6yh\u00e4. Alue j\u00e4tettiin luonnon varaan muutamaksi kymmeneksi vuodeksi ennen kuin se voitiin ottaa uudelleen viljelyk\u00e4ytt\u00f6\u00f6n.<\/p>\n\n\n\n<p>Savon kaskimailla on viljelty mm. ohraa, ruista, <a class=\"teksti\" href=\"https:\/\/fi.wikipedia.org\/wiki\/Nauris\" target=\"_blank\" rel=\"noopener noreferrer\">kaskinaurista<\/a> ja pellavaa.<\/p>\n\n\n\n<p>Torpan tuvassa tutustuttiin entisajan tarve-esineisiin, kuten <a class=\"teksti\" href=\"https:\/\/fi.wikipedia.org\/wiki\/Separaattori\" target=\"_blank\" rel=\"noopener noreferrer\">separaattoriin<\/a>, <a class=\"teksti\" href=\"https:\/\/fi.wikipedia.org\/wiki\/Kirnu\" target=\"_blank\" rel=\"noopener noreferrer\">kirnuun<\/a>, <a class=\"teksti\" href=\"http:\/\/www.sarka.fi\/kuukauden-esine\/122010-kahviprannari\/\" target=\"_blank\" rel=\"noopener noreferrer\">kahvipr\u00e4nn\u00e4riin<\/a> ja <a class=\"teksti\" href=\"https:\/\/fi.wikipedia.org\/wiki\/Kangaspuut\" target=\"_blank\" rel=\"noopener noreferrer\">kangaspuihin<\/a>. <a class=\"teksti\" href=\"https:\/\/fi.wikipedia.org\/wiki\/Savolaismurteet\" target=\"_blank\" rel=\"noopener noreferrer\">Savon muretta<\/a> mukavasti huastellut paikallinen opas esitteli meille my\u00f6s <a class=\"teksti\" href=\"https:\/\/fi.wikipedia.org\/wiki\/Virsut\" target=\"_blank\" rel=\"noopener noreferrer\">l\u00f6t\u00f6t<\/a> eli entisajan ty\u00f6jalkineet.<\/p>\n\n\n\n<p>Retke\u00e4 jatkettiin <a class=\"teksti\" href=\"https:\/\/fi.wikipedia.org\/wiki\/Juutilan_valimo\" target=\"_blank\" rel=\"noopener noreferrer\">Juutilan valimon valimomuseoon<\/a> tutustumaan perinteisell\u00e4 hiekkavalu- eli <a class=\"teksti\" href=\"http:\/\/www.kaavi.fi\/juutila\" target=\"_blank\" rel=\"noopener noreferrer\">vasken<\/a> valumenetelm\u00e4ll\u00e4 teht\u00e4viin tiukuihin ja kirkonkelloihin.<\/p>\n\n\n\n<p>Entisajan maatalouksissa k\u00e4ytettyihin esineiden kuviin, nimiin ja k\u00e4ytt\u00f6tarkoituksiin voit tutustua <a class=\"teksti\" href=\"http:\/\/www.sarka.fi\/ajankohtaista\/kuukauden-esine\/arkisto\/\" target=\"_blank\" rel=\"noopener noreferrer\">Suomen maatalousmuseo Saran kuukauden esineeksi nimetyill\u00e4 verkkosivulla<\/a>.<\/p>\n","protected":false},"excerpt":{"rendered":"<p>Seuraava sukutapaaminen on 2027. Aiemmat sukutapaamiset Sukutapaaminen 2024 Sukutapaaminen pidettiin 27.-28.7. 2024 Riihim\u00e4ell\u00e4 hotelli Seurahuoneella kes\u00e4isen l\u00e4mpimiss\u00e4 olosuhteissa. Alkuun kuultiin Seppo Hovin hauska ja viihdytt\u00e4v\u00e4 esitys musiikkia ja tarinoita entisajoilta. T\u00e4m\u00e4n j\u00e4lkeen luotiin katsaus menneen kolmen vuoden toimintaan, jota t\u00e4ydensi sukututkija Ari Kolehmaisen esitys sukututkimuksen nykyvaiheesta. Iltap\u00e4iv\u00e4n ohjelmaan kuului my\u00f6s s\u00e4\u00e4nt\u00f6m\u00e4\u00e4r\u00e4inen kolmen vuoden v\u00e4lein pidett\u00e4v\u00e4 &hellip; <a href=\"https:\/\/www.hallikaistensukuseura.fi\/Wp\/hallikaisten-suku\/sukukokoukset\/\" class=\"more-link\">Jatka artikkeliin <span class=\"screen-reader-text\">Sukutapaamiset<\/span><\/a><\/p>\n","protected":false},"author":1,"featured_media":0,"parent":9,"menu_order":0,"comment_status":"closed","ping_status":"closed","template":"","meta":{"footnotes":""},"class_list":["post-23","page","type-page","status-publish","hentry"],"_links":{"self":[{"href":"https:\/\/www.hallikaistensukuseura.fi\/Wp\/wp-json\/wp\/v2\/pages\/23","targetHints":{"allow":["GET"]}}],"collection":[{"href":"https:\/\/www.hallikaistensukuseura.fi\/Wp\/wp-json\/wp\/v2\/pages"}],"about":[{"href":"https:\/\/www.hallikaistensukuseura.fi\/Wp\/wp-json\/wp\/v2\/types\/page"}],"author":[{"embeddable":true,"href":"https:\/\/www.hallikaistensukuseura.fi\/Wp\/wp-json\/wp\/v2\/users\/1"}],"replies":[{"embeddable":true,"href":"https:\/\/www.hallikaistensukuseura.fi\/Wp\/wp-json\/wp\/v2\/comments?post=23"}],"version-history":[{"count":35,"href":"https:\/\/www.hallikaistensukuseura.fi\/Wp\/wp-json\/wp\/v2\/pages\/23\/revisions"}],"predecessor-version":[{"id":623,"href":"https:\/\/www.hallikaistensukuseura.fi\/Wp\/wp-json\/wp\/v2\/pages\/23\/revisions\/623"}],"up":[{"embeddable":true,"href":"https:\/\/www.hallikaistensukuseura.fi\/Wp\/wp-json\/wp\/v2\/pages\/9"}],"wp:attachment":[{"href":"https:\/\/www.hallikaistensukuseura.fi\/Wp\/wp-json\/wp\/v2\/media?parent=23"}],"curies":[{"name":"wp","href":"https:\/\/api.w.org\/{rel}","templated":true}]}}