{"id":18,"date":"2017-07-25T17:07:59","date_gmt":"2017-07-25T14:07:59","guid":{"rendered":"http:\/\/www.hallikaistensukuseura.fi\/Wp\/?page_id=18"},"modified":"2018-05-08T22:59:04","modified_gmt":"2018-05-08T19:59:04","slug":"sukuseuran-historiaa","status":"publish","type":"page","link":"https:\/\/www.hallikaistensukuseura.fi\/Wp\/hallikaisten-suku\/sukuseuran-historiaa\/","title":{"rendered":"Sukuseuran historiaa"},"content":{"rendered":"<h4>Ketk\u00e4 ovat sukulaisiani \u2013 ajatus askarrutti<\/h4>\n<p>1990-luvun puoliv\u00e4liss\u00e4 Yrj\u00f6 ja Pentti Hallikainen keskustelivat siit\u00e4, kuinka suurehko serkusjoukko tapasi toisiaan l\u00e4hinn\u00e4 vain sukulaisten hautajaisissa. Lis\u00e4ksi tiedot esivanhemmista olivat minimaaliset. Asia j\u00e4i sill\u00e4 kertaa vain puheeksi. Kun alkuvuodesta 1997 Pentin asuinpaikan Kemij\u00e4rven kansalaisopisto j\u00e4rjesti sukututkimuskurssin, Pentti hakeutui kurssille ja innostui sukututkimuksesta.<\/p>\n<p>Varsin pian h\u00e4n huomasi, ett\u00e4 sukuselvityksen tekeminen vaati ajan lis\u00e4ksi rahaa. Pentti otti yhteytt\u00e4 veljiins\u00e4 ja Yrj\u00f6-serkkuunsa ja sain heist\u00e4 suvun selvitt\u00e4misen alkuvaiheen kustannuksiin jakajia. Samalla he sopivat, ett\u00e4 kes\u00e4ll\u00e4 kokoonnutaan porukalla. Ensimm\u00e4isess\u00e4 vaiheessa, kev\u00e4ttalvella 1997 sukututkimuksen tekemist\u00e4 rahoittivat Pentti Hallikainen, Yrj\u00f6 Hallikainen, Pauli Hallikainen, Raimo Hallikainen ja Ville Hallikainen. Kukin antoi sukututkimusrahastoon 500 markkaa.<\/p>\n<p>Talvella tehdyn sopimuksen mukaisesti kes\u00e4ll\u00e4 kokoonnuttiin. Tavoitteena oli sukuseuran perustaminen. Kokoontumisp\u00e4iv\u00e4 oli aurinkoinen sunnuntai 20.7.1997 Kaavin Niemel\u00e4nm\u00e4ell\u00e4 Yrj\u00f6 Hallikaisen maatilan pihapiiriss\u00e4. Paikalla oli noin viidenkymmenen Niemel\u00e4nm\u00e4en Hallikaisten serkusten joukko l\u00e4heisineen perustamassa Kaavin Hallikaiset ry nimisen sukuseuran.<\/p>\n<p>Sukuseuran ensimm\u00e4iseksi puheenjohtajaksi valittiin Yrj\u00f6 Hallikainen. Vuosij\u00e4senmaksun suuruudeksi p\u00e4\u00e4tettiin tuolloin 70 markkaa ja pariskunnilta 100 markkaa. N\u00e4in sukututkimuksen tekemist\u00e4 pystyttiin jatkamaan j\u00e4senmaksutuloilla.<\/p>\n<p>Hallikaisten Sukuseuran merkki &#8211; <a href=\"http:\/\/www.hallikaistensukuseura.fi\/Wp\/sukuseuran-logosta\/\"><span class=\"alleviivaus\">tutustu merkin historiaan ja symboliikkaan<\/span><\/a>.<\/p>\n<h3>Elettiinp\u00e4 ennenkin, vaikka omaa maatilaa ei ollutkaan\u2026<\/h3>\n<p>TILATTOMIEN HALLIKAISTEN KOHTALOITA<\/p>\n<p>Hallikaisten poismuutto Kaavilta alkoi jo melko aikaisin. 300 vuotta sitten el\u00e4m\u00e4 oli l\u00e4hes t\u00e4ysin riippuvainen maasta. Ilmeisesti kruununtiloja ei riitt\u00e4nyt kaikille. Ehk\u00e4 kruunu peri talonpojilta liian suurta veroa, sill\u00e4 oli aika tavallista, ett\u00e4 kruununtilan is\u00e4nt\u00e4 on my\u00f6hemmin merkitty itselliseksi (ty\u00f6mieheksi). Tilaton v\u00e4ki joko asui talollisten vuokralaisina (\u201dloisina\u201d) tai torppareina tai ryhtyi m\u00e4kitupalaisiksi. <a href=\"http:\/\/www.hallikaistensukuseura.fi\/Wp\/wp-content\/uploads\/2017\/07\/Tilattomien_hallikaisten_kohtaloita.pdf\" target=\"_blank\" rel=\"noopener\">Lue lis\u00e4\u00e4&#8230; (pdf-tiedosto)<\/a><\/p>\n","protected":false},"excerpt":{"rendered":"<p>Ketk\u00e4 ovat sukulaisiani \u2013 ajatus askarrutti 1990-luvun puoliv\u00e4liss\u00e4 Yrj\u00f6 ja Pentti Hallikainen keskustelivat siit\u00e4, kuinka suurehko serkusjoukko tapasi toisiaan l\u00e4hinn\u00e4 vain sukulaisten hautajaisissa. Lis\u00e4ksi tiedot esivanhemmista olivat minimaaliset. Asia j\u00e4i sill\u00e4 kertaa vain puheeksi. Kun alkuvuodesta 1997 Pentin asuinpaikan Kemij\u00e4rven kansalaisopisto j\u00e4rjesti sukututkimuskurssin, Pentti hakeutui kurssille ja innostui sukututkimuksesta. Varsin pian h\u00e4n huomasi, ett\u00e4 sukuselvityksen &hellip; <a href=\"https:\/\/www.hallikaistensukuseura.fi\/Wp\/hallikaisten-suku\/sukuseuran-historiaa\/\" class=\"more-link\">Jatka artikkeliin <span class=\"screen-reader-text\">Sukuseuran historiaa<\/span><\/a><\/p>\n","protected":false},"author":1,"featured_media":0,"parent":9,"menu_order":0,"comment_status":"closed","ping_status":"closed","template":"","meta":{"footnotes":""},"class_list":["post-18","page","type-page","status-publish","hentry"],"_links":{"self":[{"href":"https:\/\/www.hallikaistensukuseura.fi\/Wp\/wp-json\/wp\/v2\/pages\/18","targetHints":{"allow":["GET"]}}],"collection":[{"href":"https:\/\/www.hallikaistensukuseura.fi\/Wp\/wp-json\/wp\/v2\/pages"}],"about":[{"href":"https:\/\/www.hallikaistensukuseura.fi\/Wp\/wp-json\/wp\/v2\/types\/page"}],"author":[{"embeddable":true,"href":"https:\/\/www.hallikaistensukuseura.fi\/Wp\/wp-json\/wp\/v2\/users\/1"}],"replies":[{"embeddable":true,"href":"https:\/\/www.hallikaistensukuseura.fi\/Wp\/wp-json\/wp\/v2\/comments?post=18"}],"version-history":[{"count":8,"href":"https:\/\/www.hallikaistensukuseura.fi\/Wp\/wp-json\/wp\/v2\/pages\/18\/revisions"}],"predecessor-version":[{"id":126,"href":"https:\/\/www.hallikaistensukuseura.fi\/Wp\/wp-json\/wp\/v2\/pages\/18\/revisions\/126"}],"up":[{"embeddable":true,"href":"https:\/\/www.hallikaistensukuseura.fi\/Wp\/wp-json\/wp\/v2\/pages\/9"}],"wp:attachment":[{"href":"https:\/\/www.hallikaistensukuseura.fi\/Wp\/wp-json\/wp\/v2\/media?parent=18"}],"curies":[{"name":"wp","href":"https:\/\/api.w.org\/{rel}","templated":true}]}}